{"id":9,"date":"2025-09-10T10:05:38","date_gmt":"2025-09-10T10:05:38","guid":{"rendered":"https:\/\/www.lartstudio.pl\/?page_id=9"},"modified":"2025-09-10T10:05:38","modified_gmt":"2025-09-10T10:05:38","slug":"o-blogu","status":"publish","type":"page","link":"https:\/\/lartstudio.pl\/?page_id=9","title":{"rendered":"O blogu"},"content":{"rendered":"\n<p>Druk i oprawa to dziedziny, kt\u00f3re wp\u0142ywaj\u0105 na nasze codzienne \u017cycie cz\u0119\u015bciej, ni\u017c mog\u0142oby si\u0119 wydawa\u0107. Ten blog powsta\u0142 z pasji do poligrafii i ch\u0119ci dzielenia si\u0119 wiedz\u0105 w prosty, zrozumia\u0142y spos\u00f3b. Niezale\u017cnie od tego, czy jeste\u015b studentem przygotowuj\u0105cym prac\u0119 dyplomow\u0105, przedsi\u0119biorc\u0105 planuj\u0105cym kampani\u0119 reklamow\u0105, czy osob\u0105 szukaj\u0105c\u0105 najlepszego sposobu na archiwizacj\u0119 dokument\u00f3w \u2013 znajdziesz tu rzetelne informacje i praktyczne porady.<\/p>\n\n\n\n<p>\ud83d\udc49 <strong>Dowiesz si\u0119, jak dzia\u0142a druk wielkoformatowy<\/strong> i dlaczego jest niezast\u0105piony w \u015bwiecie reklamy i architektury.<br>\ud83d\udc49 <strong>Poznasz tajniki oprawy dokument\u00f3w<\/strong>, kt\u00f3re \u0142\u0105cz\u0105 estetyk\u0119 z trwa\u0142o\u015bci\u0105.<br>\ud83d\udc49 <strong>Zrozumiesz, jak zmieni\u0142y si\u0119 us\u0142ugi ksero<\/strong> i jakie dodatkowe mo\u017cliwo\u015bci oferuj\u0105 nowoczesne punkty drukarskie.<br>\ud83d\udc49 <strong>Odkryjesz \u015bwiat personalizacji<\/strong> \u2013 od wizyt\u00f3wek po piecz\u0105tki, kt\u00f3re podkre\u015blaj\u0105 profesjonalizm.<\/p>\n\n\n\n<p>To miejsce, w kt\u00f3rym praktyka spotyka si\u0119 z teori\u0105, a codzienne do\u015bwiadczenia przeplataj\u0105 si\u0119 z inspiruj\u0105c\u0105 wiedz\u0105 o druku i oprawie.<\/p>\n","protected":false},"excerpt":{"rendered":"<p>Druk i oprawa to dziedziny, kt\u00f3re wp\u0142ywaj\u0105 na nasze codzienne \u017cycie cz\u0119\u015bciej, ni\u017c mog\u0142oby si\u0119 wydawa\u0107. Ten blog powsta\u0142 z pasji do poligrafii i ch\u0119ci dzielenia si\u0119 wiedz\u0105 w prosty, zrozumia\u0142y spos\u00f3b. Niezale\u017cnie od tego, czy jeste\u015b studentem przygotowuj\u0105cym prac\u0119 dyplomow\u0105, przedsi\u0119biorc\u0105 planuj\u0105cym kampani\u0119 reklamow\u0105, czy osob\u0105 szukaj\u0105c\u0105 najlepszego sposobu na archiwizacj\u0119 dokument\u00f3w \u2013 znajdziesz [&hellip;]<\/p>\n","protected":false},"author":1,"featured_media":0,"parent":0,"menu_order":0,"comment_status":"closed","ping_status":"closed","template":"","meta":{"footnotes":""},"class_list":["post-9","page","type-page","status-publish","hentry"],"_links":{"self":[{"href":"https:\/\/lartstudio.pl\/index.php?rest_route=\/wp\/v2\/pages\/9","targetHints":{"allow":["GET"]}}],"collection":[{"href":"https:\/\/lartstudio.pl\/index.php?rest_route=\/wp\/v2\/pages"}],"about":[{"href":"https:\/\/lartstudio.pl\/index.php?rest_route=\/wp\/v2\/types\/page"}],"author":[{"embeddable":true,"href":"https:\/\/lartstudio.pl\/index.php?rest_route=\/wp\/v2\/users\/1"}],"replies":[{"embeddable":true,"href":"https:\/\/lartstudio.pl\/index.php?rest_route=%2Fwp%2Fv2%2Fcomments&post=9"}],"version-history":[{"count":0,"href":"https:\/\/lartstudio.pl\/index.php?rest_route=\/wp\/v2\/pages\/9\/revisions"}],"wp:attachment":[{"href":"https:\/\/lartstudio.pl\/index.php?rest_route=%2Fwp%2Fv2%2Fmedia&parent=9"}],"curies":[{"name":"wp","href":"https:\/\/api.w.org\/{rel}","templated":true}]}}